{"id":14,"date":"2025-09-05T20:45:00","date_gmt":"2025-09-05T20:45:00","guid":{"rendered":"https:\/\/basinge.nu\/tuppens\/?page_id=14"},"modified":"2025-11-27T08:43:50","modified_gmt":"2025-11-27T08:43:50","slug":"om-tuppens","status":"publish","type":"page","link":"https:\/\/basinge.nu\/tuppens\/om-tuppens\/","title":{"rendered":"Om Tuppens"},"content":{"rendered":"\n<p>sidan \u00e4r under uppbyggnad<\/p>\n\n\n\n<div class=\"wp-block-cover alignfull is-light\" style=\"min-height:678px;aspect-ratio:unset;\"><video class=\"wp-block-cover__video-background intrinsic-ignore\" autoplay muted loop playsinline src=\"https:\/\/basinge.nu\/tuppens\/wp-content\/uploads\/2025\/09\/IMG_0006.mov\" data-object-fit=\"cover\"><\/video><span aria-hidden=\"true\" class=\"wp-block-cover__background has-background-dim\" style=\"background-color:#FFF\"><\/span><div class=\"wp-block-cover__inner-container is-layout-constrained wp-block-cover-is-layout-constrained\">\n<p class=\"has-text-align-center has-large-font-size\">blodkl\u00f6ver f\u00f6re lantvete<\/p>\n<\/div><\/div>\n","protected":false},"excerpt":{"rendered":"<p>sidan \u00e4r under uppbyggnad<\/p>\n","protected":false},"author":1,"featured_media":0,"parent":0,"menu_order":0,"comment_status":"closed","ping_status":"closed","template":"","meta":{"_uag_custom_page_level_css":"","site-sidebar-layout":"default","site-content-layout":"","ast-site-content-layout":"default","site-content-style":"default","site-sidebar-style":"default","ast-global-header-display":"","ast-banner-title-visibility":"","ast-main-header-display":"","ast-hfb-above-header-display":"","ast-hfb-below-header-display":"","ast-hfb-mobile-header-display":"","site-post-title":"disabled","ast-breadcrumbs-content":"","ast-featured-img":"","footer-sml-layout":"","theme-transparent-header-meta":"","adv-header-id-meta":"","stick-header-meta":"","header-above-stick-meta":"","header-main-stick-meta":"","header-below-stick-meta":"","astra-migrate-meta-layouts":"default","ast-page-background-enabled":"default","ast-page-background-meta":{"desktop":{"background-color":"var(--ast-global-color-5)","background-image":"","background-repeat":"repeat","background-position":"center center","background-size":"auto","background-attachment":"scroll","background-type":"","background-media":"","overlay-type":"","overlay-color":"","overlay-opacity":"","overlay-gradient":""},"tablet":{"background-color":"","background-image":"","background-repeat":"repeat","background-position":"center center","background-size":"auto","background-attachment":"scroll","background-type":"","background-media":"","overlay-type":"","overlay-color":"","overlay-opacity":"","overlay-gradient":""},"mobile":{"background-color":"","background-image":"","background-repeat":"repeat","background-position":"center center","background-size":"auto","background-attachment":"scroll","background-type":"","background-media":"","overlay-type":"","overlay-color":"","overlay-opacity":"","overlay-gradient":""}},"ast-content-background-meta":{"desktop":{"background-color":"var(--ast-global-color-4)","background-image":"","background-repeat":"repeat","background-position":"center center","background-size":"auto","background-attachment":"scroll","background-type":"","background-media":"","overlay-type":"","overlay-color":"","overlay-opacity":"","overlay-gradient":""},"tablet":{"background-color":"var(--ast-global-color-4)","background-image":"","background-repeat":"repeat","background-position":"center center","background-size":"auto","background-attachment":"scroll","background-type":"","background-media":"","overlay-type":"","overlay-color":"","overlay-opacity":"","overlay-gradient":""},"mobile":{"background-color":"var(--ast-global-color-4)","background-image":"","background-repeat":"repeat","background-position":"center center","background-size":"auto","background-attachment":"scroll","background-type":"","background-media":"","overlay-type":"","overlay-color":"","overlay-opacity":"","overlay-gradient":""}},"footnotes":""},"class_list":["post-14","page","type-page","status-publish","hentry"],"yoast_head":"<!-- This site is optimized with the Yoast SEO plugin v26.4 - https:\/\/yoast.com\/wordpress\/plugins\/seo\/ -->\n<title>Om Tuppens - Tuppens B\u00e4singe<\/title>\n<meta name=\"description\" content=\"Lokala ekologisk r\u00e5varor odlade i s\u00f6dra Dalarna. Mj\u00f6l och produkter fr\u00e5n lokalt f\u00f6r\u00e4dlade kulturspannm\u00e5l. V\u00e4lkommen.\" \/>\n<meta name=\"robots\" content=\"index, follow, max-snippet:-1, max-image-preview:large, max-video-preview:-1\" \/>\n<link rel=\"canonical\" href=\"https:\/\/basinge.nu\/tuppens\/om-tuppens\/\" \/>\n<meta property=\"og:locale\" content=\"sv_SE\" \/>\n<meta property=\"og:type\" content=\"article\" \/>\n<meta property=\"og:title\" content=\"Om Tuppens - Tuppens B\u00e4singe\" \/>\n<meta property=\"og:description\" content=\"Lokala ekologisk r\u00e5varor odlade i s\u00f6dra Dalarna. Mj\u00f6l och produkter fr\u00e5n lokalt f\u00f6r\u00e4dlade kulturspannm\u00e5l. V\u00e4lkommen.\" \/>\n<meta property=\"og:url\" content=\"https:\/\/basinge.nu\/tuppens\/om-tuppens\/\" \/>\n<meta property=\"og:site_name\" content=\"Tuppens B\u00e4singe\" \/>\n<meta property=\"article:modified_time\" content=\"2025-11-27T08:43:50+00:00\" \/>\n<meta name=\"twitter:card\" content=\"summary_large_image\" \/>\n<meta name=\"twitter:label1\" content=\"Ber\u00e4knad l\u00e4stid\" \/>\n\t<meta name=\"twitter:data1\" content=\"1 minut\" \/>\n<script type=\"application\/ld+json\" class=\"yoast-schema-graph\">{\"@context\":\"https:\/\/schema.org\",\"@graph\":[{\"@type\":\"WebPage\",\"@id\":\"https:\/\/basinge.nu\/tuppens\/om-tuppens\/\",\"url\":\"https:\/\/basinge.nu\/tuppens\/om-tuppens\/\",\"name\":\"Om Tuppens - Tuppens B\u00e4singe\",\"isPartOf\":{\"@id\":\"https:\/\/basinge.nu\/tuppens\/#website\"},\"datePublished\":\"2025-09-05T20:45:00+00:00\",\"dateModified\":\"2025-11-27T08:43:50+00:00\",\"description\":\"Lokala ekologisk r\u00e5varor odlade i s\u00f6dra Dalarna. Mj\u00f6l och produkter fr\u00e5n lokalt f\u00f6r\u00e4dlade kulturspannm\u00e5l. V\u00e4lkommen.\",\"breadcrumb\":{\"@id\":\"https:\/\/basinge.nu\/tuppens\/om-tuppens\/#breadcrumb\"},\"inLanguage\":\"sv-SE\",\"potentialAction\":[{\"@type\":\"ReadAction\",\"target\":[\"https:\/\/basinge.nu\/tuppens\/om-tuppens\/\"]}]},{\"@type\":\"BreadcrumbList\",\"@id\":\"https:\/\/basinge.nu\/tuppens\/om-tuppens\/#breadcrumb\",\"itemListElement\":[{\"@type\":\"ListItem\",\"position\":1,\"name\":\"Hem\",\"item\":\"https:\/\/basinge.nu\/tuppens\/\"},{\"@type\":\"ListItem\",\"position\":2,\"name\":\"Om Tuppens\"}]},{\"@type\":\"WebSite\",\"@id\":\"https:\/\/basinge.nu\/tuppens\/#website\",\"url\":\"https:\/\/basinge.nu\/tuppens\/\",\"name\":\"Tuppens B\u00e4singe\",\"description\":\"Ekologiska g\u00e5rdsprodukter fr\u00e5n s\u00f6dra Dalarna\",\"publisher\":{\"@id\":\"https:\/\/basinge.nu\/tuppens\/#organization\"},\"potentialAction\":[{\"@type\":\"SearchAction\",\"target\":{\"@type\":\"EntryPoint\",\"urlTemplate\":\"https:\/\/basinge.nu\/tuppens\/?s={search_term_string}\"},\"query-input\":{\"@type\":\"PropertyValueSpecification\",\"valueRequired\":true,\"valueName\":\"search_term_string\"}}],\"inLanguage\":\"sv-SE\"},{\"@type\":\"Organization\",\"@id\":\"https:\/\/basinge.nu\/tuppens\/#organization\",\"name\":\"Tuppens B\u00e4singe\",\"url\":\"https:\/\/basinge.nu\/tuppens\/\",\"logo\":{\"@type\":\"ImageObject\",\"inLanguage\":\"sv-SE\",\"@id\":\"https:\/\/basinge.nu\/tuppens\/#\/schema\/logo\/image\/\",\"url\":\"https:\/\/basinge.nu\/tuppens\/wp-content\/uploads\/2025\/09\/tuppens_basinge_logo_vektor-1.png\",\"contentUrl\":\"https:\/\/basinge.nu\/tuppens\/wp-content\/uploads\/2025\/09\/tuppens_basinge_logo_vektor-1.png\",\"width\":778,\"height\":784,\"caption\":\"Tuppens B\u00e4singe\"},\"image\":{\"@id\":\"https:\/\/basinge.nu\/tuppens\/#\/schema\/logo\/image\/\"}}]}<\/script>\n<!-- \/ Yoast SEO plugin. -->","yoast_head_json":{"title":"Om Tuppens - Tuppens B\u00e4singe","description":"Lokala ekologisk r\u00e5varor odlade i s\u00f6dra Dalarna. Mj\u00f6l och produkter fr\u00e5n lokalt f\u00f6r\u00e4dlade kulturspannm\u00e5l. V\u00e4lkommen.","robots":{"index":"index","follow":"follow","max-snippet":"max-snippet:-1","max-image-preview":"max-image-preview:large","max-video-preview":"max-video-preview:-1"},"canonical":"https:\/\/basinge.nu\/tuppens\/om-tuppens\/","og_locale":"sv_SE","og_type":"article","og_title":"Om Tuppens - Tuppens B\u00e4singe","og_description":"Lokala ekologisk r\u00e5varor odlade i s\u00f6dra Dalarna. Mj\u00f6l och produkter fr\u00e5n lokalt f\u00f6r\u00e4dlade kulturspannm\u00e5l. V\u00e4lkommen.","og_url":"https:\/\/basinge.nu\/tuppens\/om-tuppens\/","og_site_name":"Tuppens B\u00e4singe","article_modified_time":"2025-11-27T08:43:50+00:00","twitter_card":"summary_large_image","twitter_misc":{"Ber\u00e4knad l\u00e4stid":"1 minut"},"schema":{"@context":"https:\/\/schema.org","@graph":[{"@type":"WebPage","@id":"https:\/\/basinge.nu\/tuppens\/om-tuppens\/","url":"https:\/\/basinge.nu\/tuppens\/om-tuppens\/","name":"Om Tuppens - Tuppens B\u00e4singe","isPartOf":{"@id":"https:\/\/basinge.nu\/tuppens\/#website"},"datePublished":"2025-09-05T20:45:00+00:00","dateModified":"2025-11-27T08:43:50+00:00","description":"Lokala ekologisk r\u00e5varor odlade i s\u00f6dra Dalarna. Mj\u00f6l och produkter fr\u00e5n lokalt f\u00f6r\u00e4dlade kulturspannm\u00e5l. V\u00e4lkommen.","breadcrumb":{"@id":"https:\/\/basinge.nu\/tuppens\/om-tuppens\/#breadcrumb"},"inLanguage":"sv-SE","potentialAction":[{"@type":"ReadAction","target":["https:\/\/basinge.nu\/tuppens\/om-tuppens\/"]}]},{"@type":"BreadcrumbList","@id":"https:\/\/basinge.nu\/tuppens\/om-tuppens\/#breadcrumb","itemListElement":[{"@type":"ListItem","position":1,"name":"Hem","item":"https:\/\/basinge.nu\/tuppens\/"},{"@type":"ListItem","position":2,"name":"Om Tuppens"}]},{"@type":"WebSite","@id":"https:\/\/basinge.nu\/tuppens\/#website","url":"https:\/\/basinge.nu\/tuppens\/","name":"Tuppens B\u00e4singe","description":"Ekologiska g\u00e5rdsprodukter fr\u00e5n s\u00f6dra Dalarna","publisher":{"@id":"https:\/\/basinge.nu\/tuppens\/#organization"},"potentialAction":[{"@type":"SearchAction","target":{"@type":"EntryPoint","urlTemplate":"https:\/\/basinge.nu\/tuppens\/?s={search_term_string}"},"query-input":{"@type":"PropertyValueSpecification","valueRequired":true,"valueName":"search_term_string"}}],"inLanguage":"sv-SE"},{"@type":"Organization","@id":"https:\/\/basinge.nu\/tuppens\/#organization","name":"Tuppens B\u00e4singe","url":"https:\/\/basinge.nu\/tuppens\/","logo":{"@type":"ImageObject","inLanguage":"sv-SE","@id":"https:\/\/basinge.nu\/tuppens\/#\/schema\/logo\/image\/","url":"https:\/\/basinge.nu\/tuppens\/wp-content\/uploads\/2025\/09\/tuppens_basinge_logo_vektor-1.png","contentUrl":"https:\/\/basinge.nu\/tuppens\/wp-content\/uploads\/2025\/09\/tuppens_basinge_logo_vektor-1.png","width":778,"height":784,"caption":"Tuppens B\u00e4singe"},"image":{"@id":"https:\/\/basinge.nu\/tuppens\/#\/schema\/logo\/image\/"}}]}},"uagb_featured_image_src":{"full":false,"thumbnail":false,"medium":false,"medium_large":false,"large":false,"1536x1536":false,"2048x2048":false},"uagb_author_info":{"display_name":"admin","author_link":"https:\/\/basinge.nu\/tuppens\/author\/tuppens\/"},"uagb_comment_info":0,"uagb_excerpt":"sidan \u00e4r under uppbyggnad","_links":{"self":[{"href":"https:\/\/basinge.nu\/tuppens\/wp-json\/wp\/v2\/pages\/14","targetHints":{"allow":["GET"]}}],"collection":[{"href":"https:\/\/basinge.nu\/tuppens\/wp-json\/wp\/v2\/pages"}],"about":[{"href":"https:\/\/basinge.nu\/tuppens\/wp-json\/wp\/v2\/types\/page"}],"author":[{"embeddable":true,"href":"https:\/\/basinge.nu\/tuppens\/wp-json\/wp\/v2\/users\/1"}],"replies":[{"embeddable":true,"href":"https:\/\/basinge.nu\/tuppens\/wp-json\/wp\/v2\/comments?post=14"}],"version-history":[{"count":6,"href":"https:\/\/basinge.nu\/tuppens\/wp-json\/wp\/v2\/pages\/14\/revisions"}],"predecessor-version":[{"id":99,"href":"https:\/\/basinge.nu\/tuppens\/wp-json\/wp\/v2\/pages\/14\/revisions\/99"}],"wp:attachment":[{"href":"https:\/\/basinge.nu\/tuppens\/wp-json\/wp\/v2\/media?parent=14"}],"curies":[{"name":"wp","href":"https:\/\/api.w.org\/{rel}","templated":true}]}}