{"id":12,"date":"2025-09-05T20:44:22","date_gmt":"2025-09-05T20:44:22","guid":{"rendered":"https:\/\/basinge.nu\/tuppens\/?page_id=12"},"modified":"2025-11-27T09:24:10","modified_gmt":"2025-11-27T09:24:10","slug":"produkter","status":"publish","type":"page","link":"https:\/\/basinge.nu\/tuppens\/produkter\/","title":{"rendered":"V\u00e5ra produkter"},"content":{"rendered":"\n<p>Vi erbjuder ekologiska, lokalt odlade och f\u00f6r\u00e4dlade produkter fr\u00e5n v\u00e5r v\u00e4xtodling. Kontakta oss f\u00f6r speciella f\u00f6rfr\u00e5gningar.<\/p>\n\n\n\n<div class=\"wp-block-columns is-layout-flex wp-container-core-columns-is-layout-28f84493 wp-block-columns-is-layout-flex\">\n<div class=\"wp-block-column is-layout-flow wp-block-column-is-layout-flow\">\n<figure class=\"wp-block-gallery has-nested-images columns-default is-cropped wp-block-gallery-1 is-layout-flex wp-block-gallery-is-layout-flex\">\n<figure class=\"wp-block-image size-large\"><img loading=\"lazy\" decoding=\"async\" width=\"425\" height=\"567\" data-id=\"116\" src=\"https:\/\/basinge.nu\/tuppens\/wp-content\/uploads\/2025\/11\/image-2-edited-1.png\" alt=\"Tuppens B\u00e4singe mj\u00f6l\" class=\"wp-image-116\" srcset=\"https:\/\/basinge.nu\/tuppens\/wp-content\/uploads\/2025\/11\/image-2-edited-1.png 425w, https:\/\/basinge.nu\/tuppens\/wp-content\/uploads\/2025\/11\/image-2-edited-1-225x300.png 225w\" sizes=\"auto, (max-width: 425px) 100vw, 425px\" \/><\/figure>\n<\/figure>\n<\/div>\n\n\n\n<div class=\"wp-block-column is-layout-flow wp-block-column-is-layout-flow\">\n<h3 class=\"wp-block-heading\">Dala Lantvetemj\u00f6l<\/h3>\n\n\n\n<p>Vetemj\u00f6l av kulturspannm\u00e5l med h\u00f6gt n\u00e4ringsinneh\u00e5ll och exceptionella bakegenskaper. Malning har utf\u00f6rts med omsorg f\u00f6r god smak och f\u00f6r att beh\u00e5lla de viktiga n\u00e4rings\u00e4mnena kvar i mj\u00f6let .<br><br>\u00d6ver 16% protein och falltal ca 350.<br><br>erbjuds i f\u00f6rpackningar om 2 kg alt. 20 kg<\/p>\n<\/div>\n<\/div>\n\n\n\n<div class=\"wp-block-columns is-layout-flex wp-container-core-columns-is-layout-28f84493 wp-block-columns-is-layout-flex\">\n<div class=\"wp-block-column is-layout-flow wp-block-column-is-layout-flow\">\n<figure class=\"wp-block-gallery has-nested-images columns-default is-cropped wp-block-gallery-2 is-layout-flex wp-block-gallery-is-layout-flex\">\n<figure class=\"wp-block-image size-large\"><img loading=\"lazy\" decoding=\"async\" width=\"425\" height=\"303\" data-id=\"115\" src=\"https:\/\/basinge.nu\/tuppens\/wp-content\/uploads\/2025\/11\/cropped-image-2-edited.png\" alt=\"Tuppens B\u00e4singe mj\u00f6l\" class=\"wp-image-115\" srcset=\"https:\/\/basinge.nu\/tuppens\/wp-content\/uploads\/2025\/11\/cropped-image-2-edited.png 425w, https:\/\/basinge.nu\/tuppens\/wp-content\/uploads\/2025\/11\/cropped-image-2-edited-300x214.png 300w\" sizes=\"auto, (max-width: 425px) 100vw, 425px\" \/><figcaption class=\"wp-element-caption\">Quarna vetemj\u00f6l fr\u00e5n Tuppens B\u00e4singe<\/figcaption><\/figure>\n<\/figure>\n<\/div>\n\n\n\n<div class=\"wp-block-column is-layout-flow wp-block-column-is-layout-flow\">\n<h3 class=\"wp-block-heading\">Quarna vetemj\u00f6l<\/h3>\n\n\n\n<p>Vetemj\u00f6l av \u00e4ldre sort med bra bakegenskaper anpassad f\u00f6r ekologisk odling. Quarna \u00e4r ett eftertraktat mj\u00f6l hos t.ex. bagerier specialiserade p\u00e5 surdegsbakning.<br><br>\u00d6ver 14% protein och falltal ca 300.<br><br>erbjuds i f\u00f6rpackningar om 2 kg alt. 20 kg<\/p>\n<\/div>\n<\/div>\n\n\n\n<div class=\"wp-block-columns is-layout-flex wp-container-core-columns-is-layout-28f84493 wp-block-columns-is-layout-flex\">\n<div class=\"wp-block-column is-layout-flow wp-block-column-is-layout-flow\">\n<figure class=\"wp-block-gallery has-nested-images columns-default is-cropped wp-block-gallery-3 is-layout-flex wp-block-gallery-is-layout-flex\"><\/figure>\n<\/div>\n\n\n\n<div class=\"wp-block-column is-layout-flow wp-block-column-is-layout-flow\">\n<h3 class=\"wp-block-heading\">Mannagryn av Dala Lantvete och Quarna<\/h3>\n\n\n\n<p>Fr\u00e5n malningen till vetemj\u00f6l kan uttaget av manna anpassas. Mannagryn best\u00e5r i huvudsak av n\u00e4ringsrika delar av k\u00e4rnans yttre. L\u00e4mpligt f\u00f6r mannagrynsgr\u00f6t och  bakning.<br><br>erbjuds i f\u00f6rpackningar om 1 kg.<\/p>\n<\/div>\n<\/div>\n","protected":false},"excerpt":{"rendered":"<p>Vi erbjuder ekologiska, lokalt odlade och f\u00f6r\u00e4dlade produkter fr\u00e5n v\u00e5r v\u00e4xtodling. Kontakta oss f\u00f6r speciella f\u00f6rfr\u00e5gningar. Dala Lantvetemj\u00f6l Vetemj\u00f6l av [&hellip;]<\/p>\n","protected":false},"author":1,"featured_media":0,"parent":0,"menu_order":0,"comment_status":"closed","ping_status":"closed","template":"","meta":{"_uag_custom_page_level_css":"","site-sidebar-layout":"default","site-content-layout":"","ast-site-content-layout":"default","site-content-style":"default","site-sidebar-style":"default","ast-global-header-display":"","ast-banner-title-visibility":"","ast-main-header-display":"","ast-hfb-above-header-display":"","ast-hfb-below-header-display":"","ast-hfb-mobile-header-display":"","site-post-title":"","ast-breadcrumbs-content":"","ast-featured-img":"","footer-sml-layout":"","theme-transparent-header-meta":"","adv-header-id-meta":"","stick-header-meta":"","header-above-stick-meta":"","header-main-stick-meta":"","header-below-stick-meta":"","astra-migrate-meta-layouts":"default","ast-page-background-enabled":"default","ast-page-background-meta":{"desktop":{"background-color":"var(--ast-global-color-5)","background-image":"","background-repeat":"repeat","background-position":"center center","background-size":"auto","background-attachment":"scroll","background-type":"","background-media":"","overlay-type":"","overlay-color":"","overlay-opacity":"","overlay-gradient":""},"tablet":{"background-color":"","background-image":"","background-repeat":"repeat","background-position":"center center","background-size":"auto","background-attachment":"scroll","background-type":"","background-media":"","overlay-type":"","overlay-color":"","overlay-opacity":"","overlay-gradient":""},"mobile":{"background-color":"","background-image":"","background-repeat":"repeat","background-position":"center center","background-size":"auto","background-attachment":"scroll","background-type":"","background-media":"","overlay-type":"","overlay-color":"","overlay-opacity":"","overlay-gradient":""}},"ast-content-background-meta":{"desktop":{"background-color":"var(--ast-global-color-4)","background-image":"","background-repeat":"repeat","background-position":"center center","background-size":"auto","background-attachment":"scroll","background-type":"","background-media":"","overlay-type":"","overlay-color":"","overlay-opacity":"","overlay-gradient":""},"tablet":{"background-color":"var(--ast-global-color-4)","background-image":"","background-repeat":"repeat","background-position":"center center","background-size":"auto","background-attachment":"scroll","background-type":"","background-media":"","overlay-type":"","overlay-color":"","overlay-opacity":"","overlay-gradient":""},"mobile":{"background-color":"var(--ast-global-color-4)","background-image":"","background-repeat":"repeat","background-position":"center center","background-size":"auto","background-attachment":"scroll","background-type":"","background-media":"","overlay-type":"","overlay-color":"","overlay-opacity":"","overlay-gradient":""}},"footnotes":""},"class_list":["post-12","page","type-page","status-publish","hentry"],"yoast_head":"<!-- This site is optimized with the Yoast SEO plugin v26.4 - https:\/\/yoast.com\/wordpress\/plugins\/seo\/ -->\n<title>V\u00e5ra produkter - Tuppens B\u00e4singe<\/title>\n<meta name=\"description\" content=\"Vi erbjuder ekologiskt odlade och f\u00f6r\u00e4dlade produkter med h\u00f6g kvalitet och n\u00e4ringsinneh\u00e5ll. Kulturspannm\u00e5l av Dala Lantvete. Vetemj\u00f6l, mannagryn och kli m.m.\" \/>\n<meta name=\"robots\" content=\"index, follow, max-snippet:-1, max-image-preview:large, max-video-preview:-1\" \/>\n<link rel=\"canonical\" href=\"https:\/\/basinge.nu\/tuppens\/produkter\/\" \/>\n<meta property=\"og:locale\" content=\"sv_SE\" \/>\n<meta property=\"og:type\" content=\"article\" \/>\n<meta property=\"og:title\" content=\"V\u00e5ra produkter - Tuppens B\u00e4singe\" \/>\n<meta property=\"og:description\" content=\"Vi erbjuder ekologiskt odlade och f\u00f6r\u00e4dlade produkter med h\u00f6g kvalitet och n\u00e4ringsinneh\u00e5ll. Kulturspannm\u00e5l av Dala Lantvete. Vetemj\u00f6l, mannagryn och kli m.m.\" \/>\n<meta property=\"og:url\" content=\"https:\/\/basinge.nu\/tuppens\/produkter\/\" \/>\n<meta property=\"og:site_name\" content=\"Tuppens B\u00e4singe\" \/>\n<meta property=\"article:modified_time\" content=\"2025-11-27T09:24:10+00:00\" \/>\n<meta property=\"og:image\" content=\"https:\/\/basinge.nu\/tuppens\/wp-content\/uploads\/2025\/11\/image-2-edited-1.png\" \/>\n\t<meta property=\"og:image:width\" content=\"425\" \/>\n\t<meta property=\"og:image:height\" content=\"567\" \/>\n\t<meta property=\"og:image:type\" content=\"image\/png\" \/>\n<meta name=\"twitter:card\" content=\"summary_large_image\" \/>\n<meta name=\"twitter:label1\" content=\"Ber\u00e4knad l\u00e4stid\" \/>\n\t<meta name=\"twitter:data1\" content=\"2 minuter\" \/>\n<script type=\"application\/ld+json\" class=\"yoast-schema-graph\">{\"@context\":\"https:\/\/schema.org\",\"@graph\":[{\"@type\":\"WebPage\",\"@id\":\"https:\/\/basinge.nu\/tuppens\/produkter\/\",\"url\":\"https:\/\/basinge.nu\/tuppens\/produkter\/\",\"name\":\"V\u00e5ra produkter - Tuppens B\u00e4singe\",\"isPartOf\":{\"@id\":\"https:\/\/basinge.nu\/tuppens\/#website\"},\"primaryImageOfPage\":{\"@id\":\"https:\/\/basinge.nu\/tuppens\/produkter\/#primaryimage\"},\"image\":{\"@id\":\"https:\/\/basinge.nu\/tuppens\/produkter\/#primaryimage\"},\"thumbnailUrl\":\"https:\/\/basinge.nu\/tuppens\/wp-content\/uploads\/2025\/11\/image-2-edited-1.png\",\"datePublished\":\"2025-09-05T20:44:22+00:00\",\"dateModified\":\"2025-11-27T09:24:10+00:00\",\"description\":\"Vi erbjuder ekologiskt odlade och f\u00f6r\u00e4dlade produkter med h\u00f6g kvalitet och n\u00e4ringsinneh\u00e5ll. Kulturspannm\u00e5l av Dala Lantvete. Vetemj\u00f6l, mannagryn och kli m.m.\",\"breadcrumb\":{\"@id\":\"https:\/\/basinge.nu\/tuppens\/produkter\/#breadcrumb\"},\"inLanguage\":\"sv-SE\",\"potentialAction\":[{\"@type\":\"ReadAction\",\"target\":[\"https:\/\/basinge.nu\/tuppens\/produkter\/\"]}]},{\"@type\":\"ImageObject\",\"inLanguage\":\"sv-SE\",\"@id\":\"https:\/\/basinge.nu\/tuppens\/produkter\/#primaryimage\",\"url\":\"https:\/\/basinge.nu\/tuppens\/wp-content\/uploads\/2025\/11\/image-2-edited-1.png\",\"contentUrl\":\"https:\/\/basinge.nu\/tuppens\/wp-content\/uploads\/2025\/11\/image-2-edited-1.png\",\"width\":425,\"height\":567,\"caption\":\"mj\u00f6l fr\u00e5n Tuppens B\u00e4singe\"},{\"@type\":\"BreadcrumbList\",\"@id\":\"https:\/\/basinge.nu\/tuppens\/produkter\/#breadcrumb\",\"itemListElement\":[{\"@type\":\"ListItem\",\"position\":1,\"name\":\"Hem\",\"item\":\"https:\/\/basinge.nu\/tuppens\/\"},{\"@type\":\"ListItem\",\"position\":2,\"name\":\"V\u00e5ra produkter\"}]},{\"@type\":\"WebSite\",\"@id\":\"https:\/\/basinge.nu\/tuppens\/#website\",\"url\":\"https:\/\/basinge.nu\/tuppens\/\",\"name\":\"Tuppens B\u00e4singe\",\"description\":\"Ekologiska g\u00e5rdsprodukter fr\u00e5n s\u00f6dra Dalarna\",\"publisher\":{\"@id\":\"https:\/\/basinge.nu\/tuppens\/#organization\"},\"potentialAction\":[{\"@type\":\"SearchAction\",\"target\":{\"@type\":\"EntryPoint\",\"urlTemplate\":\"https:\/\/basinge.nu\/tuppens\/?s={search_term_string}\"},\"query-input\":{\"@type\":\"PropertyValueSpecification\",\"valueRequired\":true,\"valueName\":\"search_term_string\"}}],\"inLanguage\":\"sv-SE\"},{\"@type\":\"Organization\",\"@id\":\"https:\/\/basinge.nu\/tuppens\/#organization\",\"name\":\"Tuppens B\u00e4singe\",\"url\":\"https:\/\/basinge.nu\/tuppens\/\",\"logo\":{\"@type\":\"ImageObject\",\"inLanguage\":\"sv-SE\",\"@id\":\"https:\/\/basinge.nu\/tuppens\/#\/schema\/logo\/image\/\",\"url\":\"https:\/\/basinge.nu\/tuppens\/wp-content\/uploads\/2025\/09\/tuppens_basinge_logo_vektor-1.png\",\"contentUrl\":\"https:\/\/basinge.nu\/tuppens\/wp-content\/uploads\/2025\/09\/tuppens_basinge_logo_vektor-1.png\",\"width\":778,\"height\":784,\"caption\":\"Tuppens B\u00e4singe\"},\"image\":{\"@id\":\"https:\/\/basinge.nu\/tuppens\/#\/schema\/logo\/image\/\"}}]}<\/script>\n<!-- \/ Yoast SEO plugin. -->","yoast_head_json":{"title":"V\u00e5ra produkter - Tuppens B\u00e4singe","description":"Vi erbjuder ekologiskt odlade och f\u00f6r\u00e4dlade produkter med h\u00f6g kvalitet och n\u00e4ringsinneh\u00e5ll. Kulturspannm\u00e5l av Dala Lantvete. Vetemj\u00f6l, mannagryn och kli m.m.","robots":{"index":"index","follow":"follow","max-snippet":"max-snippet:-1","max-image-preview":"max-image-preview:large","max-video-preview":"max-video-preview:-1"},"canonical":"https:\/\/basinge.nu\/tuppens\/produkter\/","og_locale":"sv_SE","og_type":"article","og_title":"V\u00e5ra produkter - Tuppens B\u00e4singe","og_description":"Vi erbjuder ekologiskt odlade och f\u00f6r\u00e4dlade produkter med h\u00f6g kvalitet och n\u00e4ringsinneh\u00e5ll. Kulturspannm\u00e5l av Dala Lantvete. Vetemj\u00f6l, mannagryn och kli m.m.","og_url":"https:\/\/basinge.nu\/tuppens\/produkter\/","og_site_name":"Tuppens B\u00e4singe","article_modified_time":"2025-11-27T09:24:10+00:00","og_image":[{"width":425,"height":567,"url":"https:\/\/basinge.nu\/tuppens\/wp-content\/uploads\/2025\/11\/image-2-edited-1.png","type":"image\/png"}],"twitter_card":"summary_large_image","twitter_misc":{"Ber\u00e4knad l\u00e4stid":"2 minuter"},"schema":{"@context":"https:\/\/schema.org","@graph":[{"@type":"WebPage","@id":"https:\/\/basinge.nu\/tuppens\/produkter\/","url":"https:\/\/basinge.nu\/tuppens\/produkter\/","name":"V\u00e5ra produkter - Tuppens B\u00e4singe","isPartOf":{"@id":"https:\/\/basinge.nu\/tuppens\/#website"},"primaryImageOfPage":{"@id":"https:\/\/basinge.nu\/tuppens\/produkter\/#primaryimage"},"image":{"@id":"https:\/\/basinge.nu\/tuppens\/produkter\/#primaryimage"},"thumbnailUrl":"https:\/\/basinge.nu\/tuppens\/wp-content\/uploads\/2025\/11\/image-2-edited-1.png","datePublished":"2025-09-05T20:44:22+00:00","dateModified":"2025-11-27T09:24:10+00:00","description":"Vi erbjuder ekologiskt odlade och f\u00f6r\u00e4dlade produkter med h\u00f6g kvalitet och n\u00e4ringsinneh\u00e5ll. Kulturspannm\u00e5l av Dala Lantvete. Vetemj\u00f6l, mannagryn och kli m.m.","breadcrumb":{"@id":"https:\/\/basinge.nu\/tuppens\/produkter\/#breadcrumb"},"inLanguage":"sv-SE","potentialAction":[{"@type":"ReadAction","target":["https:\/\/basinge.nu\/tuppens\/produkter\/"]}]},{"@type":"ImageObject","inLanguage":"sv-SE","@id":"https:\/\/basinge.nu\/tuppens\/produkter\/#primaryimage","url":"https:\/\/basinge.nu\/tuppens\/wp-content\/uploads\/2025\/11\/image-2-edited-1.png","contentUrl":"https:\/\/basinge.nu\/tuppens\/wp-content\/uploads\/2025\/11\/image-2-edited-1.png","width":425,"height":567,"caption":"mj\u00f6l fr\u00e5n Tuppens B\u00e4singe"},{"@type":"BreadcrumbList","@id":"https:\/\/basinge.nu\/tuppens\/produkter\/#breadcrumb","itemListElement":[{"@type":"ListItem","position":1,"name":"Hem","item":"https:\/\/basinge.nu\/tuppens\/"},{"@type":"ListItem","position":2,"name":"V\u00e5ra produkter"}]},{"@type":"WebSite","@id":"https:\/\/basinge.nu\/tuppens\/#website","url":"https:\/\/basinge.nu\/tuppens\/","name":"Tuppens B\u00e4singe","description":"Ekologiska g\u00e5rdsprodukter fr\u00e5n s\u00f6dra Dalarna","publisher":{"@id":"https:\/\/basinge.nu\/tuppens\/#organization"},"potentialAction":[{"@type":"SearchAction","target":{"@type":"EntryPoint","urlTemplate":"https:\/\/basinge.nu\/tuppens\/?s={search_term_string}"},"query-input":{"@type":"PropertyValueSpecification","valueRequired":true,"valueName":"search_term_string"}}],"inLanguage":"sv-SE"},{"@type":"Organization","@id":"https:\/\/basinge.nu\/tuppens\/#organization","name":"Tuppens B\u00e4singe","url":"https:\/\/basinge.nu\/tuppens\/","logo":{"@type":"ImageObject","inLanguage":"sv-SE","@id":"https:\/\/basinge.nu\/tuppens\/#\/schema\/logo\/image\/","url":"https:\/\/basinge.nu\/tuppens\/wp-content\/uploads\/2025\/09\/tuppens_basinge_logo_vektor-1.png","contentUrl":"https:\/\/basinge.nu\/tuppens\/wp-content\/uploads\/2025\/09\/tuppens_basinge_logo_vektor-1.png","width":778,"height":784,"caption":"Tuppens B\u00e4singe"},"image":{"@id":"https:\/\/basinge.nu\/tuppens\/#\/schema\/logo\/image\/"}}]}},"uagb_featured_image_src":{"full":false,"thumbnail":false,"medium":false,"medium_large":false,"large":false,"1536x1536":false,"2048x2048":false},"uagb_author_info":{"display_name":"admin","author_link":"https:\/\/basinge.nu\/tuppens\/author\/tuppens\/"},"uagb_comment_info":0,"uagb_excerpt":"Vi erbjuder ekologiska, lokalt odlade och f\u00f6r\u00e4dlade produkter fr\u00e5n v\u00e5r v\u00e4xtodling. Kontakta oss f\u00f6r speciella f\u00f6rfr\u00e5gningar. Dala Lantvetemj\u00f6l Vetemj\u00f6l av [&hellip;]","_links":{"self":[{"href":"https:\/\/basinge.nu\/tuppens\/wp-json\/wp\/v2\/pages\/12","targetHints":{"allow":["GET"]}}],"collection":[{"href":"https:\/\/basinge.nu\/tuppens\/wp-json\/wp\/v2\/pages"}],"about":[{"href":"https:\/\/basinge.nu\/tuppens\/wp-json\/wp\/v2\/types\/page"}],"author":[{"embeddable":true,"href":"https:\/\/basinge.nu\/tuppens\/wp-json\/wp\/v2\/users\/1"}],"replies":[{"embeddable":true,"href":"https:\/\/basinge.nu\/tuppens\/wp-json\/wp\/v2\/comments?post=12"}],"version-history":[{"count":3,"href":"https:\/\/basinge.nu\/tuppens\/wp-json\/wp\/v2\/pages\/12\/revisions"}],"predecessor-version":[{"id":117,"href":"https:\/\/basinge.nu\/tuppens\/wp-json\/wp\/v2\/pages\/12\/revisions\/117"}],"wp:attachment":[{"href":"https:\/\/basinge.nu\/tuppens\/wp-json\/wp\/v2\/media?parent=12"}],"curies":[{"name":"wp","href":"https:\/\/api.w.org\/{rel}","templated":true}]}}